{"id":1578,"date":"2016-04-30T21:41:03","date_gmt":"2016-04-30T20:41:03","guid":{"rendered":"https:\/\/blog.brice28.fr\/?page_id=1578"},"modified":"2016-05-05T08:52:10","modified_gmt":"2016-05-05T07:52:10","slug":"nouvelle-zelande","status":"publish","type":"page","link":"https:\/\/blog.brice28.fr\/?page_id=1578","title":{"rendered":"Nouvelle-Z\u00e9lande"},"content":{"rendered":"<p><img loading=\"lazy\" class=\"size-full wp-image-1609 aligncenter\" src=\"https:\/\/blog.brice28.fr\/wp-content\/uploads\/2016\/04\/test.jpg\" alt=\"test\" width=\"1152\" height=\"768\" \/><\/p>\n<p>Entre janvier et f\u00e9vrier 2016, nous sommes partis 5 semaines en Nouvelle-Z\u00e9lande. Nous avons retrac\u00e9 un petit aper\u00e7u de ce voyage sur le blog et en photos&#8230;<\/p>\n<p>Pour les \u00e9tapes quotidiennes, c&rsquo;est ici : \u00a0 \u00a0 \u00a0<a id=\"1\" class=\"pixcode  pixcode--btn  btn  btn--large  btn--gamma  1\" href=\"https:\/\/blog.brice28.fr\/?cat=7\" >R\u00e9cit du voyage<\/a>\n<p>Pour les galeries de photos, c&rsquo;est par l\u00e0 : \u00a0 \u00a0\u00a0<a id=\"2\" class=\"pixcode  pixcode--btn  btn  btn--large  btn--gamma  1\" href=\"https:\/\/blog.brice28.fr\/?border_gallery_categories=nouvelle-zelande\" >Photos<\/a>\n","protected":false},"excerpt":{"rendered":"<p>Entre janvier et f\u00e9vrier 2016, nous sommes partis 5 semaines en Nouvelle-Z\u00e9lande. Nous avons retrac\u00e9 un petit aper\u00e7u de ce voyage sur le blog et en photos&#8230; Pour les \u00e9tapes quotidiennes, c&rsquo;est ici : \u00a0 \u00a0 \u00a0 Pour les galeries de photos, c&rsquo;est par l\u00e0 : \u00a0 \u00a0\u00a0<\/p>\n","protected":false},"author":3,"featured_media":0,"parent":0,"menu_order":0,"comment_status":"closed","ping_status":"closed","template":"","meta":{"content-type":""},"_links":{"self":[{"href":"https:\/\/blog.brice28.fr\/index.php?rest_route=\/wp\/v2\/pages\/1578"}],"collection":[{"href":"https:\/\/blog.brice28.fr\/index.php?rest_route=\/wp\/v2\/pages"}],"about":[{"href":"https:\/\/blog.brice28.fr\/index.php?rest_route=\/wp\/v2\/types\/page"}],"author":[{"embeddable":true,"href":"https:\/\/blog.brice28.fr\/index.php?rest_route=\/wp\/v2\/users\/3"}],"replies":[{"embeddable":true,"href":"https:\/\/blog.brice28.fr\/index.php?rest_route=%2Fwp%2Fv2%2Fcomments&post=1578"}],"version-history":[{"count":0,"href":"https:\/\/blog.brice28.fr\/index.php?rest_route=\/wp\/v2\/pages\/1578\/revisions"}],"wp:attachment":[{"href":"https:\/\/blog.brice28.fr\/index.php?rest_route=%2Fwp%2Fv2%2Fmedia&parent=1578"}],"curies":[{"name":"wp","href":"https:\/\/api.w.org\/{rel}","templated":true}]}}